{"id":10580,"date":"2024-10-31T15:13:01","date_gmt":"2024-10-31T15:13:01","guid":{"rendered":"https:\/\/lesfondusdelaraclette.fr\/?page_id=10580"},"modified":"2025-10-07T14:20:57","modified_gmt":"2025-10-07T14:20:57","slug":"redirection-groupe","status":"publish","type":"page","link":"https:\/\/lesfondusdelaraclette.fr\/zh\/redirection-groupe","title":{"rendered":"\u91cd\u5b9a\u5411\u7ec4"},"content":{"rendered":"<div data-elementor-type=\"wp-page\" data-elementor-id=\"10580\" class=\"elementor elementor-10580\" data-elementor-post-type=\"page\">\n\t\t\t\t<div class=\"elementor-element elementor-element-1794cf0b e-flex e-con-boxed e-con e-parent\" data-id=\"1794cf0b\" data-element_type=\"container\" data-e-type=\"container\" data-settings=\"{&quot;background_background&quot;:&quot;classic&quot;}\">\n\t\t\t\t\t<div class=\"e-con-inner\">\n\t\t\t\t<div class=\"elementor-element elementor-element-53e01eae elementor-view-default elementor-invisible elementor-widget elementor-widget-icon\" data-id=\"53e01eae\" data-element_type=\"widget\" data-e-type=\"widget\" data-settings=\"{&quot;_animation&quot;:&quot;bounceInDown&quot;,&quot;_animation_delay&quot;:150}\" data-widget_type=\"icon.default\">\n\t\t\t\t<div class=\"elementor-widget-container\">\n\t\t\t\t\t\t\t<div class=\"elementor-icon-wrapper\">\n\t\t\t<div class=\"elementor-icon\">\n\t\t\t<i aria-hidden=\"true\" class=\"far fa-check-square\"><\/i>\t\t\t<\/div>\n\t\t<\/div>\n\t\t\t\t\t\t<\/div>\n\t\t\t\t<\/div>\n\t\t\t\t<div class=\"elementor-element elementor-element-51b9f021 elementor-widget__width-initial elementor-widget elementor-widget-heading\" data-id=\"51b9f021\" data-element_type=\"widget\" data-e-type=\"widget\" data-widget_type=\"heading.default\">\n\t\t\t\t<div class=\"elementor-widget-container\">\n\t\t\t\t\t<h2 class=\"elementor-heading-title elementor-size-default\">\u60a8\u7684\u56e2\u4f53\u9884\u8ba2\u7533\u8bf7\u5df2\u5904\u7406\u5b8c\u6bd5\uff01\n<\/h2>\t\t\t\t<\/div>\n\t\t\t\t<\/div>\n\t\t\t\t<div class=\"elementor-element elementor-element-c80cee3 elementor-widget__width-initial elementor-widget elementor-widget-text-editor\" data-id=\"c80cee3\" data-element_type=\"widget\" data-e-type=\"widget\" data-widget_type=\"text-editor.default\">\n\t\t\t\t<div class=\"elementor-widget-container\">\n\t\t\t\t\t\t\t\t\t<p>\u611f\u8c22\u60a8\u7684\u5173\u6ce8\uff01\u6211\u4eec\u7684\u56e2\u961f\u6b63\u5728\u5ba1\u67e5\u60a8\u7684\u7533\u8bf7\uff0c\u6211\u4eec\u4f1a\u5c3d\u5feb\u901a\u77e5\u60a8\u3002. <b>\u6211\u4eec\u521a\u521a\u5411\u60a8\u53d1\u9001\u4e86\u4e00\u5c01\u7535\u5b50\u90ae\u4ef6\u6982\u8981\uff0c\u786e\u8ba4\u4e86\u60a8\u7684\u7533\u8bf7\u7ec6\u8282\u3002<\/b><\/p><p>\u518d\u89c1<br \/>\u56e2\u961f<\/p>\t\t\t\t\t\t\t\t<\/div>\n\t\t\t\t<\/div>\n\t\t\t\t<div class=\"elementor-element elementor-element-3d50a2c1 elementor-align-center elementor-widget__width-auto elementor-widget elementor-widget-button\" data-id=\"3d50a2c1\" data-element_type=\"widget\" data-e-type=\"widget\" data-widget_type=\"button.default\">\n\t\t\t\t<div class=\"elementor-widget-container\">\n\t\t\t\t\t\t\t\t\t<div class=\"elementor-button-wrapper\">\n\t\t\t\t\t<a class=\"elementor-button elementor-button-link elementor-size-sm\" href=\"https:\/\/lesfondusdelaraclette.fr\">\n\t\t\t\t\t\t<span class=\"elementor-button-content-wrapper\">\n\t\t\t\t\t\t<span class=\"elementor-button-icon\">\n\t\t\t\t<i aria-hidden=\"true\" class=\"fas fa-location-arrow\"><\/i>\t\t\t<\/span>\n\t\t\t\t\t\t\t\t\t<span class=\"elementor-button-text\">\u8fd4\u56de\u4e3b\u9875<\/span>\n\t\t\t\t\t<\/span>\n\t\t\t\t\t<\/a>\n\t\t\t\t<\/div>\n\t\t\t\t\t\t\t\t<\/div>\n\t\t\t\t<\/div>\n\t\t\t\t\t<\/div>\n\t\t\t\t<\/div>\n\t\t\t\t<\/div>","protected":false},"excerpt":{"rendered":"<p>Votre demande de r\u00e9servation de groupe a bien \u00e9t\u00e9 prise en compte ! Merci pour votre int\u00e9r\u00eat ! Votre demande est en cours d&rsquo;examen par notre \u00e9quipe, et nous vous tiendrons inform\u00e9(e) rapidement. Un email r\u00e9capitulatif vient \u00e9galement de vous \u00eatre envoy\u00e9 pour confirmer les d\u00e9tails de votre demande. \u00c0 tr\u00e8s bient\u00f4t,L\u2019\u00e9quipe RETOURNER \u00e0 la [&hellip;]<\/p>","protected":false},"author":1,"featured_media":0,"parent":0,"menu_order":0,"comment_status":"closed","ping_status":"closed","template":"elementor_canvas","meta":{"footnotes":""},"class_list":["post-10580","page","type-page","status-publish","hentry"],"yoast_head":"<!-- This site is optimized with the Yoast SEO plugin v26.7 - https:\/\/yoast.com\/wordpress\/plugins\/seo\/ -->\n<title>redirection-groupe - Les Fondus de la Raclette<\/title>\n<meta name=\"robots\" content=\"noindex, follow\" \/>\n<meta property=\"og:locale\" content=\"zh_CN\" \/>\n<meta property=\"og:type\" content=\"article\" \/>\n<meta property=\"og:title\" content=\"redirection-groupe - Les Fondus de la Raclette\" \/>\n<meta property=\"og:description\" content=\"Votre demande de r\u00e9servation de groupe a bien \u00e9t\u00e9 prise en compte ! Merci pour votre int\u00e9r\u00eat ! Votre demande est en cours d&rsquo;examen par notre \u00e9quipe, et nous vous tiendrons inform\u00e9(e) rapidement. Un email r\u00e9capitulatif vient \u00e9galement de vous \u00eatre envoy\u00e9 pour confirmer les d\u00e9tails de votre demande. \u00c0 tr\u00e8s bient\u00f4t,L\u2019\u00e9quipe RETOURNER \u00e0 la [&hellip;]\" \/>\n<meta property=\"og:url\" content=\"https:\/\/lesfondusdelaraclette.fr\/zh\/redirection-groupe\/\" \/>\n<meta property=\"og:site_name\" content=\"Les Fondus de la Raclette\" \/>\n<meta property=\"article:modified_time\" content=\"2025-10-07T14:20:57+00:00\" \/>\n<meta name=\"twitter:card\" content=\"summary_large_image\" \/>\n<meta name=\"twitter:label1\" content=\"\u9884\u8ba1\u9605\u8bfb\u65f6\u95f4\" \/>\n\t<meta name=\"twitter:data1\" content=\"1 \u5206\" \/>\n<script type=\"application\/ld+json\" class=\"yoast-schema-graph\">{\"@context\":\"https:\/\/schema.org\",\"@graph\":[{\"@type\":\"WebPage\",\"@id\":\"https:\/\/lesfondusdelaraclette.fr\/redirection-groupe\",\"url\":\"https:\/\/lesfondusdelaraclette.fr\/redirection-groupe\",\"name\":\"redirection-groupe - Les Fondus de la Raclette\",\"isPartOf\":{\"@id\":\"https:\/\/lesfondusdelaraclette.fr\/#website\"},\"datePublished\":\"2024-10-31T15:13:01+00:00\",\"dateModified\":\"2025-10-07T14:20:57+00:00\",\"breadcrumb\":{\"@id\":\"https:\/\/lesfondusdelaraclette.fr\/redirection-groupe#breadcrumb\"},\"inLanguage\":\"zh-Hans\",\"potentialAction\":[{\"@type\":\"ReadAction\",\"target\":[\"https:\/\/lesfondusdelaraclette.fr\/redirection-groupe\"]}]},{\"@type\":\"BreadcrumbList\",\"@id\":\"https:\/\/lesfondusdelaraclette.fr\/redirection-groupe#breadcrumb\",\"itemListElement\":[{\"@type\":\"ListItem\",\"position\":1,\"name\":\"Accueil\",\"item\":\"https:\/\/lesfondusdelaraclette.fr\/\"},{\"@type\":\"ListItem\",\"position\":2,\"name\":\"redirection-groupe\"}]},{\"@type\":\"WebSite\",\"@id\":\"https:\/\/lesfondusdelaraclette.fr\/#website\",\"url\":\"https:\/\/lesfondusdelaraclette.fr\/\",\"name\":\"Les Fondus de la Raclette\",\"description\":\"Les Fondus de la Raclette\",\"publisher\":{\"@id\":\"https:\/\/lesfondusdelaraclette.fr\/#organization\"},\"potentialAction\":[{\"@type\":\"SearchAction\",\"target\":{\"@type\":\"EntryPoint\",\"urlTemplate\":\"https:\/\/lesfondusdelaraclette.fr\/?s={search_term_string}\"},\"query-input\":{\"@type\":\"PropertyValueSpecification\",\"valueRequired\":true,\"valueName\":\"search_term_string\"}}],\"inLanguage\":\"zh-Hans\"},{\"@type\":\"Organization\",\"@id\":\"https:\/\/lesfondusdelaraclette.fr\/#organization\",\"name\":\"Les Fondus de la Raclette\",\"url\":\"https:\/\/lesfondusdelaraclette.fr\/\",\"logo\":{\"@type\":\"ImageObject\",\"inLanguage\":\"zh-Hans\",\"@id\":\"https:\/\/lesfondusdelaraclette.fr\/#\/schema\/logo\/image\/\",\"url\":\"https:\/\/lesfondusdelaraclette.fr\/wp-content\/uploads\/2025\/10\/FDR_LOGO_PRINCIPAL_BLEU_RVB.png\",\"contentUrl\":\"https:\/\/lesfondusdelaraclette.fr\/wp-content\/uploads\/2025\/10\/FDR_LOGO_PRINCIPAL_BLEU_RVB.png\",\"width\":836,\"height\":378,\"caption\":\"Les Fondus de la Raclette\"},\"image\":{\"@id\":\"https:\/\/lesfondusdelaraclette.fr\/#\/schema\/logo\/image\/\"}}]}<\/script>\n<!-- \/ Yoast SEO plugin. -->","yoast_head_json":{"title":"redirection-groupe - Les Fondus de la Raclette","robots":{"index":"noindex","follow":"follow"},"og_locale":"zh_CN","og_type":"article","og_title":"redirection-groupe - Les Fondus de la Raclette","og_description":"Votre demande de r\u00e9servation de groupe a bien \u00e9t\u00e9 prise en compte ! Merci pour votre int\u00e9r\u00eat ! Votre demande est en cours d&rsquo;examen par notre \u00e9quipe, et nous vous tiendrons inform\u00e9(e) rapidement. Un email r\u00e9capitulatif vient \u00e9galement de vous \u00eatre envoy\u00e9 pour confirmer les d\u00e9tails de votre demande. \u00c0 tr\u00e8s bient\u00f4t,L\u2019\u00e9quipe RETOURNER \u00e0 la [&hellip;]","og_url":"https:\/\/lesfondusdelaraclette.fr\/zh\/redirection-groupe\/","og_site_name":"Les Fondus de la Raclette","article_modified_time":"2025-10-07T14:20:57+00:00","twitter_card":"summary_large_image","twitter_misc":{"\u9884\u8ba1\u9605\u8bfb\u65f6\u95f4":"1 \u5206"},"schema":{"@context":"https:\/\/schema.org","@graph":[{"@type":"WebPage","@id":"https:\/\/lesfondusdelaraclette.fr\/redirection-groupe","url":"https:\/\/lesfondusdelaraclette.fr\/redirection-groupe","name":"redirection-groupe - Les Fondus de la Raclette","isPartOf":{"@id":"https:\/\/lesfondusdelaraclette.fr\/#website"},"datePublished":"2024-10-31T15:13:01+00:00","dateModified":"2025-10-07T14:20:57+00:00","breadcrumb":{"@id":"https:\/\/lesfondusdelaraclette.fr\/redirection-groupe#breadcrumb"},"inLanguage":"zh-Hans","potentialAction":[{"@type":"ReadAction","target":["https:\/\/lesfondusdelaraclette.fr\/redirection-groupe"]}]},{"@type":"BreadcrumbList","@id":"https:\/\/lesfondusdelaraclette.fr\/redirection-groupe#breadcrumb","itemListElement":[{"@type":"ListItem","position":1,"name":"Accueil","item":"https:\/\/lesfondusdelaraclette.fr\/"},{"@type":"ListItem","position":2,"name":"redirection-groupe"}]},{"@type":"WebSite","@id":"https:\/\/lesfondusdelaraclette.fr\/#website","url":"https:\/\/lesfondusdelaraclette.fr\/","name":"\u62c9\u514b\u83b1\u7279\u5976\u916a\u997c","description":"\u62c9\u514b\u83b1\u7279\u5976\u916a\u997c","publisher":{"@id":"https:\/\/lesfondusdelaraclette.fr\/#organization"},"potentialAction":[{"@type":"SearchAction","target":{"@type":"EntryPoint","urlTemplate":"https:\/\/lesfondusdelaraclette.fr\/?s={search_term_string}"},"query-input":{"@type":"PropertyValueSpecification","valueRequired":true,"valueName":"search_term_string"}}],"inLanguage":"zh-Hans"},{"@type":"Organization","@id":"https:\/\/lesfondusdelaraclette.fr\/#organization","name":"\u62c9\u514b\u83b1\u7279\u5976\u916a\u997c","url":"https:\/\/lesfondusdelaraclette.fr\/","logo":{"@type":"ImageObject","inLanguage":"zh-Hans","@id":"https:\/\/lesfondusdelaraclette.fr\/#\/schema\/logo\/image\/","url":"https:\/\/lesfondusdelaraclette.fr\/wp-content\/uploads\/2025\/10\/FDR_LOGO_PRINCIPAL_BLEU_RVB.png","contentUrl":"https:\/\/lesfondusdelaraclette.fr\/wp-content\/uploads\/2025\/10\/FDR_LOGO_PRINCIPAL_BLEU_RVB.png","width":836,"height":378,"caption":"Les Fondus de la Raclette"},"image":{"@id":"https:\/\/lesfondusdelaraclette.fr\/#\/schema\/logo\/image\/"}}]}},"_links":{"self":[{"href":"https:\/\/lesfondusdelaraclette.fr\/zh\/wp-json\/wp\/v2\/pages\/10580","targetHints":{"allow":["GET"]}}],"collection":[{"href":"https:\/\/lesfondusdelaraclette.fr\/zh\/wp-json\/wp\/v2\/pages"}],"about":[{"href":"https:\/\/lesfondusdelaraclette.fr\/zh\/wp-json\/wp\/v2\/types\/page"}],"author":[{"embeddable":true,"href":"https:\/\/lesfondusdelaraclette.fr\/zh\/wp-json\/wp\/v2\/users\/1"}],"replies":[{"embeddable":true,"href":"https:\/\/lesfondusdelaraclette.fr\/zh\/wp-json\/wp\/v2\/comments?post=10580"}],"version-history":[{"count":22,"href":"https:\/\/lesfondusdelaraclette.fr\/zh\/wp-json\/wp\/v2\/pages\/10580\/revisions"}],"predecessor-version":[{"id":15083,"href":"https:\/\/lesfondusdelaraclette.fr\/zh\/wp-json\/wp\/v2\/pages\/10580\/revisions\/15083"}],"wp:attachment":[{"href":"https:\/\/lesfondusdelaraclette.fr\/zh\/wp-json\/wp\/v2\/media?parent=10580"}],"curies":[{"name":"wp","href":"https:\/\/api.w.org\/{rel}","templated":true}]}}