{"id":14289,"date":"2025-09-29T12:27:18","date_gmt":"2025-09-29T12:27:18","guid":{"rendered":"https:\/\/lesfondusdelaraclette.fr\/?page_id=14289"},"modified":"2025-11-21T11:59:36","modified_gmt":"2025-11-21T11:59:36","slug":"reservation","status":"publish","type":"page","link":"https:\/\/lesfondusdelaraclette.fr\/it\/reservation","title":{"rendered":"Prenotazione"},"content":{"rendered":"<div data-elementor-type=\"wp-page\" data-elementor-id=\"14289\" class=\"elementor elementor-14289\" data-elementor-post-type=\"page\">\n\t\t\t\t<div class=\"elementor-element elementor-element-f8f7112 e-flex e-con-boxed e-con e-parent\" data-id=\"f8f7112\" data-element_type=\"container\" data-e-type=\"container\">\n\t\t\t\t\t<div class=\"e-con-inner\">\n\t\t<div class=\"elementor-element elementor-element-087286c e-con-full e-flex e-con e-child\" data-id=\"087286c\" data-element_type=\"container\" data-e-type=\"container\">\n\t\t\t\t<div class=\"elementor-element elementor-element-7537a70 elementor-widget elementor-widget-heading\" data-id=\"7537a70\" data-element_type=\"widget\" data-e-type=\"widget\" data-widget_type=\"heading.default\">\n\t\t\t\t<div class=\"elementor-widget-container\">\n\t\t\t\t\t<h1 class=\"elementor-heading-title elementor-size-default\">Dove desidera prenotare?<\/h1>\t\t\t\t<\/div>\n\t\t\t\t<\/div>\n\t\t\t\t<div class=\"elementor-element elementor-element-34be7db elementor-widget elementor-widget-text-editor\" data-id=\"34be7db\" data-element_type=\"widget\" data-e-type=\"widget\" data-widget_type=\"text-editor.default\">\n\t\t\t\t<div class=\"elementor-widget-container\">\n\t\t\t\t\t\t\t\t\tDesiderate prenotare per <strong>pi\u00f9 di 14 persone? <a href=\"https:\/\/lesfondusdelaraclette.fr\/reservation-de-groupe\">Clicca qui<\/a><\/strong> per accedere alla pagina di prenotazione del gruppo\t\t\t\t\t\t\t\t<\/div>\n\t\t\t\t<\/div>\n\t\t\t\t<\/div>\n\t\t\t\t\t<\/div>\n\t\t\t\t<\/div>\n\t\t<div class=\"elementor-element elementor-element-c5672b7 e-con-full e-flex e-con e-parent\" data-id=\"c5672b7\" data-element_type=\"container\" data-e-type=\"container\" data-settings=\"{&quot;background_background&quot;:&quot;classic&quot;}\">\n\t\t<div class=\"elementor-element elementor-element-aa9e639 e-con-full TT e-flex e-con e-child\" data-id=\"aa9e639\" data-element_type=\"container\" data-e-type=\"container\" data-settings=\"{&quot;background_background&quot;:&quot;classic&quot;}\">\n\t\t\t\t<div class=\"elementor-element elementor-element-f1fea93 elementor-widget elementor-widget-image\" data-id=\"f1fea93\" data-element_type=\"widget\" data-e-type=\"widget\" data-widget_type=\"image.default\">\n\t\t\t\t<div class=\"elementor-widget-container\">\n\t\t\t\t\t\t\t\t\t\t\t\t\t\t\t\t<a href=\"https:\/\/lesfondusdelaraclette.fr\/montparnasse-restaurant-14eme\">\n\t\t\t\t\t\t\t<img decoding=\"async\" width=\"170\" height=\"170\" src=\"https:\/\/lesfondusdelaraclette.fr\/wp-content\/uploads\/2025\/08\/FDR_STICKER_BLANC_MONTPARNASSE_RVB.svg\" class=\"attachment-full size-full wp-image-13027\" alt=\"\" \/>\t\t\t\t\t\t\t\t<\/a>\n\t\t\t\t\t\t\t\t\t\t\t\t\t\t\t<\/div>\n\t\t\t\t<\/div>\n\t\t\t\t<div class=\"elementor-element elementor-element-86b503b elementor-align-center elementor-widget elementor-widget-button\" data-id=\"86b503b\" data-element_type=\"widget\" data-e-type=\"widget\" data-widget_type=\"button.default\">\n\t\t\t\t<div class=\"elementor-widget-container\">\n\t\t\t\t\t\t\t\t\t<div class=\"elementor-button-wrapper\">\n\t\t\t\t\t<a class=\"elementor-button elementor-button-link elementor-size-sm\" href=\"https:\/\/widget.thefork.com\/fr\/bcab78e9-20b7-425e-8c0c-951e8b94f8c7?utm_source=lesfondusdelaraclette.fr\">\n\t\t\t\t\t\t<span class=\"elementor-button-content-wrapper\">\n\t\t\t\t\t\t<span class=\"elementor-button-icon\">\n\t\t\t\t<svg xmlns=\"http:\/\/www.w3.org\/2000\/svg\" width=\"14\" height=\"14\" viewbox=\"0 0 14 14\" fill=\"none\"><path d=\"M7.152 13.544C6.27733 13.544 5.456 13.3787 4.688 13.048C3.92 12.728 3.24267 12.28 2.656 11.704C2.08 11.1173 1.62667 10.44 1.296 9.672C0.976 8.904 0.816 8.08267 0.816 7.208C0.816 6.32267 0.976 5.50133 1.296 4.744C1.62667 3.976 2.08 3.304 2.656 2.728C3.24267 2.14133 3.92 1.688 4.688 1.368C5.456 1.03733 6.27733 0.872 7.152 0.872C8.03733 0.872 8.85867 1.03733 9.616 1.368C10.384 1.688 11.056 2.14133 11.632 2.728C12.2187 3.304 12.672 3.976 12.992 4.744C13.3227 5.50133 13.488 6.32267 13.488 7.208C13.488 8.08267 13.3227 8.904 12.992 9.672C12.672 10.44 12.2187 11.1173 11.632 11.704C11.056 12.28 10.384 12.728 9.616 13.048C8.85867 13.3787 8.03733 13.544 7.152 13.544Z\" fill=\"#384E76\"><\/path><\/svg>\t\t\t<\/span>\n\t\t\t\t\t\t\t\t\t<span class=\"elementor-button-text\">Libro<\/span>\n\t\t\t\t\t<\/span>\n\t\t\t\t\t<\/a>\n\t\t\t\t<\/div>\n\t\t\t\t\t\t\t\t<\/div>\n\t\t\t\t<\/div>\n\t\t\t\t<div class=\"elementor-element elementor-element-fe67c31 elementor-align-center elementor-absolute elementor-widget elementor-widget-button\" data-id=\"fe67c31\" data-element_type=\"widget\" data-e-type=\"widget\" data-settings=\"{&quot;_position&quot;:&quot;absolute&quot;}\" data-widget_type=\"button.default\">\n\t\t\t\t<div class=\"elementor-widget-container\">\n\t\t\t\t\t\t\t\t\t<div class=\"elementor-button-wrapper\">\n\t\t\t\t\t<a class=\"elementor-button elementor-button-link elementor-size-sm\" href=\"#elementor-action%3Aaction%3Dpopup%3Aopen%26settings%3DeyJpZCI6IjEzODc4IiwidG9nZ2xlIjpmYWxzZX0%3D\">\n\t\t\t\t\t\t<span class=\"elementor-button-content-wrapper\">\n\t\t\t\t\t\t<span class=\"elementor-button-icon\">\n\t\t\t\t<i aria-hidden=\"true\" class=\"fas fa-map-marker\"><\/i>\t\t\t<\/span>\n\t\t\t\t\t\t\t\t\t<span class=\"elementor-button-text\">Posizione<\/span>\n\t\t\t\t\t<\/span>\n\t\t\t\t\t<\/a>\n\t\t\t\t<\/div>\n\t\t\t\t\t\t\t\t<\/div>\n\t\t\t\t<\/div>\n\t\t\t\t<\/div>\n\t\t<div class=\"elementor-element elementor-element-91b38dd e-con-full e-flex e-con e-child\" data-id=\"91b38dd\" data-element_type=\"container\" data-e-type=\"container\" data-settings=\"{&quot;background_background&quot;:&quot;classic&quot;}\">\n\t\t\t\t<div class=\"elementor-element elementor-element-72fea83 elementor-widget elementor-widget-image\" data-id=\"72fea83\" data-element_type=\"widget\" data-e-type=\"widget\" data-widget_type=\"image.default\">\n\t\t\t\t<div class=\"elementor-widget-container\">\n\t\t\t\t\t\t\t\t\t\t\t\t\t\t\t\t<a href=\"https:\/\/lesfondusdelaraclette.fr\/parmentier-restaurant-11eme\">\n\t\t\t\t\t\t\t<img decoding=\"async\" width=\"170\" height=\"170\" src=\"https:\/\/lesfondusdelaraclette.fr\/wp-content\/uploads\/2025\/08\/FDR_STICKER_BLANC_PARMENTIER_RVB.svg\" class=\"attachment-full size-full wp-image-13026\" alt=\"\" \/>\t\t\t\t\t\t\t\t<\/a>\n\t\t\t\t\t\t\t\t\t\t\t\t\t\t\t<\/div>\n\t\t\t\t<\/div>\n\t\t\t\t<div class=\"elementor-element elementor-element-1555f5e elementor-align-center elementor-widget elementor-widget-button\" data-id=\"1555f5e\" data-element_type=\"widget\" data-e-type=\"widget\" data-widget_type=\"button.default\">\n\t\t\t\t<div class=\"elementor-widget-container\">\n\t\t\t\t\t\t\t\t\t<div class=\"elementor-button-wrapper\">\n\t\t\t\t\t<a class=\"elementor-button elementor-button-link elementor-size-sm\" href=\"https:\/\/widget.thefork.com\/fr\/d5a64be6-391d-49d0-907b-ef140626d066?utm_source=lesfondusdelaraclette.fr\">\n\t\t\t\t\t\t<span class=\"elementor-button-content-wrapper\">\n\t\t\t\t\t\t<span class=\"elementor-button-icon\">\n\t\t\t\t<svg xmlns=\"http:\/\/www.w3.org\/2000\/svg\" width=\"14\" height=\"14\" viewbox=\"0 0 14 14\" fill=\"none\"><path d=\"M7.152 13.544C6.27733 13.544 5.456 13.3787 4.688 13.048C3.92 12.728 3.24267 12.28 2.656 11.704C2.08 11.1173 1.62667 10.44 1.296 9.672C0.976 8.904 0.816 8.08267 0.816 7.208C0.816 6.32267 0.976 5.50133 1.296 4.744C1.62667 3.976 2.08 3.304 2.656 2.728C3.24267 2.14133 3.92 1.688 4.688 1.368C5.456 1.03733 6.27733 0.872 7.152 0.872C8.03733 0.872 8.85867 1.03733 9.616 1.368C10.384 1.688 11.056 2.14133 11.632 2.728C12.2187 3.304 12.672 3.976 12.992 4.744C13.3227 5.50133 13.488 6.32267 13.488 7.208C13.488 8.08267 13.3227 8.904 12.992 9.672C12.672 10.44 12.2187 11.1173 11.632 11.704C11.056 12.28 10.384 12.728 9.616 13.048C8.85867 13.3787 8.03733 13.544 7.152 13.544Z\" fill=\"#384E76\"><\/path><\/svg>\t\t\t<\/span>\n\t\t\t\t\t\t\t\t\t<span class=\"elementor-button-text\">Libro<\/span>\n\t\t\t\t\t<\/span>\n\t\t\t\t\t<\/a>\n\t\t\t\t<\/div>\n\t\t\t\t\t\t\t\t<\/div>\n\t\t\t\t<\/div>\n\t\t\t\t<div class=\"elementor-element elementor-element-937bb78 elementor-align-center elementor-absolute elementor-widget elementor-widget-button\" data-id=\"937bb78\" data-element_type=\"widget\" data-e-type=\"widget\" data-settings=\"{&quot;_position&quot;:&quot;absolute&quot;}\" data-widget_type=\"button.default\">\n\t\t\t\t<div class=\"elementor-widget-container\">\n\t\t\t\t\t\t\t\t\t<div class=\"elementor-button-wrapper\">\n\t\t\t\t\t<a class=\"elementor-button elementor-button-link elementor-size-sm\" href=\"#elementor-action%3Aaction%3Dpopup%3Aopen%26settings%3DeyJpZCI6IjEzODc1IiwidG9nZ2xlIjpmYWxzZX0%3D\">\n\t\t\t\t\t\t<span class=\"elementor-button-content-wrapper\">\n\t\t\t\t\t\t<span class=\"elementor-button-icon\">\n\t\t\t\t<i aria-hidden=\"true\" class=\"fas fa-map-marker\"><\/i>\t\t\t<\/span>\n\t\t\t\t\t\t\t\t\t<span class=\"elementor-button-text\">Posizione<\/span>\n\t\t\t\t\t<\/span>\n\t\t\t\t\t<\/a>\n\t\t\t\t<\/div>\n\t\t\t\t\t\t\t\t<\/div>\n\t\t\t\t<\/div>\n\t\t\t\t<\/div>\n\t\t<div class=\"elementor-element elementor-element-afeee19 e-con-full e-flex e-con e-child\" data-id=\"afeee19\" data-element_type=\"container\" data-e-type=\"container\" data-settings=\"{&quot;background_background&quot;:&quot;classic&quot;}\">\n\t\t\t\t<div class=\"elementor-element elementor-element-6e3279a elementor-widget elementor-widget-image\" data-id=\"6e3279a\" data-element_type=\"widget\" data-e-type=\"widget\" data-widget_type=\"image.default\">\n\t\t\t\t<div class=\"elementor-widget-container\">\n\t\t\t\t\t\t\t\t\t\t\t\t\t\t\t\t<a href=\"https:\/\/lesfondusdelaraclette.fr\/opera-restaurant-9eme\">\n\t\t\t\t\t\t\t<img decoding=\"async\" width=\"170\" height=\"170\" src=\"https:\/\/lesfondusdelaraclette.fr\/wp-content\/uploads\/2025\/08\/FDR_STICKER_BLANC_OPERA_RVB.svg\" class=\"attachment-large size-large wp-image-13028\" alt=\"\" \/>\t\t\t\t\t\t\t\t<\/a>\n\t\t\t\t\t\t\t\t\t\t\t\t\t\t\t<\/div>\n\t\t\t\t<\/div>\n\t\t\t\t<div class=\"elementor-element elementor-element-2ab4bbd elementor-align-center elementor-widget elementor-widget-button\" data-id=\"2ab4bbd\" data-element_type=\"widget\" data-e-type=\"widget\" data-widget_type=\"button.default\">\n\t\t\t\t<div class=\"elementor-widget-container\">\n\t\t\t\t\t\t\t\t\t<div class=\"elementor-button-wrapper\">\n\t\t\t\t\t<a class=\"elementor-button elementor-button-link elementor-size-sm\" href=\"https:\/\/widget.thefork.com\/77e5aacf-e49a-435b-9abc-e9167641124f\">\n\t\t\t\t\t\t<span class=\"elementor-button-content-wrapper\">\n\t\t\t\t\t\t<span class=\"elementor-button-icon\">\n\t\t\t\t<svg xmlns=\"http:\/\/www.w3.org\/2000\/svg\" width=\"14\" height=\"14\" viewbox=\"0 0 14 14\" fill=\"none\"><path d=\"M7.152 13.544C6.27733 13.544 5.456 13.3787 4.688 13.048C3.92 12.728 3.24267 12.28 2.656 11.704C2.08 11.1173 1.62667 10.44 1.296 9.672C0.976 8.904 0.816 8.08267 0.816 7.208C0.816 6.32267 0.976 5.50133 1.296 4.744C1.62667 3.976 2.08 3.304 2.656 2.728C3.24267 2.14133 3.92 1.688 4.688 1.368C5.456 1.03733 6.27733 0.872 7.152 0.872C8.03733 0.872 8.85867 1.03733 9.616 1.368C10.384 1.688 11.056 2.14133 11.632 2.728C12.2187 3.304 12.672 3.976 12.992 4.744C13.3227 5.50133 13.488 6.32267 13.488 7.208C13.488 8.08267 13.3227 8.904 12.992 9.672C12.672 10.44 12.2187 11.1173 11.632 11.704C11.056 12.28 10.384 12.728 9.616 13.048C8.85867 13.3787 8.03733 13.544 7.152 13.544Z\" fill=\"#384E76\"><\/path><\/svg>\t\t\t<\/span>\n\t\t\t\t\t\t\t\t\t<span class=\"elementor-button-text\">Libro<\/span>\n\t\t\t\t\t<\/span>\n\t\t\t\t\t<\/a>\n\t\t\t\t<\/div>\n\t\t\t\t\t\t\t\t<\/div>\n\t\t\t\t<\/div>\n\t\t<div class=\"elementor-element elementor-element-2bf3292 e-con-full e-flex e-con e-child\" data-id=\"2bf3292\" data-element_type=\"container\" data-e-type=\"container\" data-settings=\"{&quot;position&quot;:&quot;absolute&quot;}\">\n\t\t\t\t<div class=\"elementor-element elementor-element-60824ba elementor-align-center elementor-widget elementor-widget-button\" data-id=\"60824ba\" data-element_type=\"widget\" data-e-type=\"widget\" data-widget_type=\"button.default\">\n\t\t\t\t<div class=\"elementor-widget-container\">\n\t\t\t\t\t\t\t\t\t<div class=\"elementor-button-wrapper\">\n\t\t\t\t\t<a class=\"elementor-button elementor-button-link elementor-size-sm\" href=\"#elementor-action%3Aaction%3Dpopup%3Aopen%26settings%3DeyJpZCI6IjE0MzUxIiwidG9nZ2xlIjpmYWxzZX0%3D\">\n\t\t\t\t\t\t<span class=\"elementor-button-content-wrapper\">\n\t\t\t\t\t\t<span class=\"elementor-button-icon\">\n\t\t\t\t<i aria-hidden=\"true\" class=\"fas fa-map-marker\"><\/i>\t\t\t<\/span>\n\t\t\t\t\t\t\t\t\t<span class=\"elementor-button-text\">Posizione<\/span>\n\t\t\t\t\t<\/span>\n\t\t\t\t\t<\/a>\n\t\t\t\t<\/div>\n\t\t\t\t\t\t\t\t<\/div>\n\t\t\t\t<\/div>\n\t\t\t\t<\/div>\n\t\t\t\t<\/div>\n\t\t\t\t<\/div>\n\t\t\t\t<\/div>","protected":false},"excerpt":{"rendered":"<p>Dove desiderate prenotare? Volete prenotare per pi\u00f9 di 14 persone? Clicca qui per andare alla pagina di prenotazione per gruppi Riserva piazzola Riserva piazzola Riserva piazzola Riserva piazzola<\/p>","protected":false},"author":1,"featured_media":15482,"parent":0,"menu_order":0,"comment_status":"closed","ping_status":"closed","template":"","meta":{"footnotes":""},"class_list":["post-14289","page","type-page","status-publish","has-post-thumbnail","hentry"],"yoast_head":"<!-- This site is optimized with the Yoast SEO plugin v26.7 - https:\/\/yoast.com\/wordpress\/plugins\/seo\/ -->\n<title>Reservation - Les Fondus de la Raclette<\/title>\n<meta name=\"description\" content=\"R\u00e9servez votre table aux Fondus de la Raclette \u00e0 Paris ! Savourez nos d\u00e9licieuses raclettes, fondues et sp\u00e9cialit\u00e9s savoyardes dans une ambiance conviviale.\" \/>\n<meta name=\"robots\" content=\"index, follow, max-snippet:-1, max-image-preview:large, max-video-preview:-1\" \/>\n<link rel=\"canonical\" href=\"https:\/\/lesfondusdelaraclette.fr\/it\/reservation\/\" \/>\n<meta property=\"og:locale\" content=\"it_IT\" \/>\n<meta property=\"og:type\" content=\"article\" \/>\n<meta property=\"og:title\" content=\"Reservation - Les Fondus de la Raclette\" \/>\n<meta property=\"og:description\" content=\"R\u00e9servez votre table aux Fondus de la Raclette \u00e0 Paris ! Savourez nos d\u00e9licieuses raclettes, fondues et sp\u00e9cialit\u00e9s savoyardes dans une ambiance conviviale.\" \/>\n<meta property=\"og:url\" content=\"https:\/\/lesfondusdelaraclette.fr\/it\/reservation\/\" \/>\n<meta property=\"og:site_name\" content=\"Les Fondus de la Raclette\" \/>\n<meta property=\"article:modified_time\" content=\"2025-11-21T11:59:36+00:00\" \/>\n<meta property=\"og:image\" content=\"https:\/\/lesfondusdelaraclette.fr\/wp-content\/uploads\/2025\/10\/fdr-logo1.jpg\" \/>\n\t<meta property=\"og:image:width\" content=\"512\" \/>\n\t<meta property=\"og:image:height\" content=\"512\" \/>\n\t<meta property=\"og:image:type\" content=\"image\/jpeg\" \/>\n<meta name=\"twitter:card\" content=\"summary_large_image\" \/>\n<meta name=\"twitter:label1\" content=\"Tempo di lettura stimato\" \/>\n\t<meta name=\"twitter:data1\" content=\"1 minuto\" \/>\n<script type=\"application\/ld+json\" class=\"yoast-schema-graph\">{\"@context\":\"https:\/\/schema.org\",\"@graph\":[{\"@type\":\"WebPage\",\"@id\":\"https:\/\/lesfondusdelaraclette.fr\/reservation\",\"url\":\"https:\/\/lesfondusdelaraclette.fr\/reservation\",\"name\":\"Reservation - Les Fondus de la Raclette\",\"isPartOf\":{\"@id\":\"https:\/\/lesfondusdelaraclette.fr\/#website\"},\"primaryImageOfPage\":{\"@id\":\"https:\/\/lesfondusdelaraclette.fr\/reservation#primaryimage\"},\"image\":{\"@id\":\"https:\/\/lesfondusdelaraclette.fr\/reservation#primaryimage\"},\"thumbnailUrl\":\"https:\/\/lesfondusdelaraclette.fr\/wp-content\/uploads\/2025\/10\/fdr-logo1.jpg\",\"datePublished\":\"2025-09-29T12:27:18+00:00\",\"dateModified\":\"2025-11-21T11:59:36+00:00\",\"description\":\"R\u00e9servez votre table aux Fondus de la Raclette \u00e0 Paris ! Savourez nos d\u00e9licieuses raclettes, fondues et sp\u00e9cialit\u00e9s savoyardes dans une ambiance conviviale.\",\"breadcrumb\":{\"@id\":\"https:\/\/lesfondusdelaraclette.fr\/reservation#breadcrumb\"},\"inLanguage\":\"it-IT\",\"potentialAction\":[{\"@type\":\"ReadAction\",\"target\":[\"https:\/\/lesfondusdelaraclette.fr\/reservation\"]}]},{\"@type\":\"ImageObject\",\"inLanguage\":\"it-IT\",\"@id\":\"https:\/\/lesfondusdelaraclette.fr\/reservation#primaryimage\",\"url\":\"https:\/\/lesfondusdelaraclette.fr\/wp-content\/uploads\/2025\/10\/fdr-logo1.jpg\",\"contentUrl\":\"https:\/\/lesfondusdelaraclette.fr\/wp-content\/uploads\/2025\/10\/fdr-logo1.jpg\",\"width\":512,\"height\":512},{\"@type\":\"BreadcrumbList\",\"@id\":\"https:\/\/lesfondusdelaraclette.fr\/reservation#breadcrumb\",\"itemListElement\":[{\"@type\":\"ListItem\",\"position\":1,\"name\":\"Accueil\",\"item\":\"https:\/\/lesfondusdelaraclette.fr\/\"},{\"@type\":\"ListItem\",\"position\":2,\"name\":\"Reservation\"}]},{\"@type\":\"WebSite\",\"@id\":\"https:\/\/lesfondusdelaraclette.fr\/#website\",\"url\":\"https:\/\/lesfondusdelaraclette.fr\/\",\"name\":\"Les Fondus de la Raclette\",\"description\":\"Les Fondus de la Raclette\",\"publisher\":{\"@id\":\"https:\/\/lesfondusdelaraclette.fr\/#organization\"},\"potentialAction\":[{\"@type\":\"SearchAction\",\"target\":{\"@type\":\"EntryPoint\",\"urlTemplate\":\"https:\/\/lesfondusdelaraclette.fr\/?s={search_term_string}\"},\"query-input\":{\"@type\":\"PropertyValueSpecification\",\"valueRequired\":true,\"valueName\":\"search_term_string\"}}],\"inLanguage\":\"it-IT\"},{\"@type\":\"Organization\",\"@id\":\"https:\/\/lesfondusdelaraclette.fr\/#organization\",\"name\":\"Les Fondus de la Raclette\",\"url\":\"https:\/\/lesfondusdelaraclette.fr\/\",\"logo\":{\"@type\":\"ImageObject\",\"inLanguage\":\"it-IT\",\"@id\":\"https:\/\/lesfondusdelaraclette.fr\/#\/schema\/logo\/image\/\",\"url\":\"https:\/\/lesfondusdelaraclette.fr\/wp-content\/uploads\/2025\/10\/FDR_LOGO_PRINCIPAL_BLEU_RVB.png\",\"contentUrl\":\"https:\/\/lesfondusdelaraclette.fr\/wp-content\/uploads\/2025\/10\/FDR_LOGO_PRINCIPAL_BLEU_RVB.png\",\"width\":836,\"height\":378,\"caption\":\"Les Fondus de la Raclette\"},\"image\":{\"@id\":\"https:\/\/lesfondusdelaraclette.fr\/#\/schema\/logo\/image\/\"}}]}<\/script>\n<!-- \/ Yoast SEO plugin. -->","yoast_head_json":{"title":"Prenotazione - Les Fondus de la Raclette","description":"Prenotate il vostro tavolo a Les Fondus de la Raclette a Parigi! Godetevi le nostre deliziose raclette, fondute e specialit\u00e0 savoiarde in un'atmosfera amichevole.","robots":{"index":"index","follow":"follow","max-snippet":"max-snippet:-1","max-image-preview":"max-image-preview:large","max-video-preview":"max-video-preview:-1"},"canonical":"https:\/\/lesfondusdelaraclette.fr\/it\/reservation\/","og_locale":"it_IT","og_type":"article","og_title":"Reservation - Les Fondus de la Raclette","og_description":"R\u00e9servez votre table aux Fondus de la Raclette \u00e0 Paris ! Savourez nos d\u00e9licieuses raclettes, fondues et sp\u00e9cialit\u00e9s savoyardes dans une ambiance conviviale.","og_url":"https:\/\/lesfondusdelaraclette.fr\/it\/reservation\/","og_site_name":"Les Fondus de la Raclette","article_modified_time":"2025-11-21T11:59:36+00:00","og_image":[{"width":512,"height":512,"url":"https:\/\/lesfondusdelaraclette.fr\/wp-content\/uploads\/2025\/10\/fdr-logo1.jpg","type":"image\/jpeg"}],"twitter_card":"summary_large_image","twitter_misc":{"Tempo di lettura stimato":"1 minuto"},"schema":{"@context":"https:\/\/schema.org","@graph":[{"@type":"WebPage","@id":"https:\/\/lesfondusdelaraclette.fr\/reservation","url":"https:\/\/lesfondusdelaraclette.fr\/reservation","name":"Prenotazione - Les Fondus de la Raclette","isPartOf":{"@id":"https:\/\/lesfondusdelaraclette.fr\/#website"},"primaryImageOfPage":{"@id":"https:\/\/lesfondusdelaraclette.fr\/reservation#primaryimage"},"image":{"@id":"https:\/\/lesfondusdelaraclette.fr\/reservation#primaryimage"},"thumbnailUrl":"https:\/\/lesfondusdelaraclette.fr\/wp-content\/uploads\/2025\/10\/fdr-logo1.jpg","datePublished":"2025-09-29T12:27:18+00:00","dateModified":"2025-11-21T11:59:36+00:00","description":"Prenotate il vostro tavolo a Les Fondus de la Raclette a Parigi! Godetevi le nostre deliziose raclette, fondute e specialit\u00e0 savoiarde in un'atmosfera amichevole.","breadcrumb":{"@id":"https:\/\/lesfondusdelaraclette.fr\/reservation#breadcrumb"},"inLanguage":"it-IT","potentialAction":[{"@type":"ReadAction","target":["https:\/\/lesfondusdelaraclette.fr\/reservation"]}]},{"@type":"ImageObject","inLanguage":"it-IT","@id":"https:\/\/lesfondusdelaraclette.fr\/reservation#primaryimage","url":"https:\/\/lesfondusdelaraclette.fr\/wp-content\/uploads\/2025\/10\/fdr-logo1.jpg","contentUrl":"https:\/\/lesfondusdelaraclette.fr\/wp-content\/uploads\/2025\/10\/fdr-logo1.jpg","width":512,"height":512},{"@type":"BreadcrumbList","@id":"https:\/\/lesfondusdelaraclette.fr\/reservation#breadcrumb","itemListElement":[{"@type":"ListItem","position":1,"name":"Accueil","item":"https:\/\/lesfondusdelaraclette.fr\/"},{"@type":"ListItem","position":2,"name":"Reservation"}]},{"@type":"WebSite","@id":"https:\/\/lesfondusdelaraclette.fr\/#website","url":"https:\/\/lesfondusdelaraclette.fr\/","name":"I fondi della Raclette","description":"I fondi della Raclette","publisher":{"@id":"https:\/\/lesfondusdelaraclette.fr\/#organization"},"potentialAction":[{"@type":"SearchAction","target":{"@type":"EntryPoint","urlTemplate":"https:\/\/lesfondusdelaraclette.fr\/?s={search_term_string}"},"query-input":{"@type":"PropertyValueSpecification","valueRequired":true,"valueName":"search_term_string"}}],"inLanguage":"it-IT"},{"@type":"Organization","@id":"https:\/\/lesfondusdelaraclette.fr\/#organization","name":"I fondi della Raclette","url":"https:\/\/lesfondusdelaraclette.fr\/","logo":{"@type":"ImageObject","inLanguage":"it-IT","@id":"https:\/\/lesfondusdelaraclette.fr\/#\/schema\/logo\/image\/","url":"https:\/\/lesfondusdelaraclette.fr\/wp-content\/uploads\/2025\/10\/FDR_LOGO_PRINCIPAL_BLEU_RVB.png","contentUrl":"https:\/\/lesfondusdelaraclette.fr\/wp-content\/uploads\/2025\/10\/FDR_LOGO_PRINCIPAL_BLEU_RVB.png","width":836,"height":378,"caption":"Les Fondus de la Raclette"},"image":{"@id":"https:\/\/lesfondusdelaraclette.fr\/#\/schema\/logo\/image\/"}}]}},"_links":{"self":[{"href":"https:\/\/lesfondusdelaraclette.fr\/it\/wp-json\/wp\/v2\/pages\/14289","targetHints":{"allow":["GET"]}}],"collection":[{"href":"https:\/\/lesfondusdelaraclette.fr\/it\/wp-json\/wp\/v2\/pages"}],"about":[{"href":"https:\/\/lesfondusdelaraclette.fr\/it\/wp-json\/wp\/v2\/types\/page"}],"author":[{"embeddable":true,"href":"https:\/\/lesfondusdelaraclette.fr\/it\/wp-json\/wp\/v2\/users\/1"}],"replies":[{"embeddable":true,"href":"https:\/\/lesfondusdelaraclette.fr\/it\/wp-json\/wp\/v2\/comments?post=14289"}],"version-history":[{"count":146,"href":"https:\/\/lesfondusdelaraclette.fr\/it\/wp-json\/wp\/v2\/pages\/14289\/revisions"}],"predecessor-version":[{"id":15975,"href":"https:\/\/lesfondusdelaraclette.fr\/it\/wp-json\/wp\/v2\/pages\/14289\/revisions\/15975"}],"wp:featuredmedia":[{"embeddable":true,"href":"https:\/\/lesfondusdelaraclette.fr\/it\/wp-json\/wp\/v2\/media\/15482"}],"wp:attachment":[{"href":"https:\/\/lesfondusdelaraclette.fr\/it\/wp-json\/wp\/v2\/media?parent=14289"}],"curies":[{"name":"wp","href":"https:\/\/api.w.org\/{rel}","templated":true}]}}