{"id":8397,"date":"2023-07-26T12:24:22","date_gmt":"2023-07-26T12:24:22","guid":{"rendered":"https:\/\/lesfondusdelaraclette.fr\/?page_id=8397"},"modified":"2025-10-15T15:21:10","modified_gmt":"2025-10-15T15:21:10","slug":"mentions-legales","status":"publish","type":"page","link":"https:\/\/lesfondusdelaraclette.fr\/en\/mentions-legales","title":{"rendered":"Terms of use"},"content":{"rendered":"<div data-elementor-type=\"wp-page\" data-elementor-id=\"8397\" class=\"elementor elementor-8397\" data-elementor-post-type=\"page\">\n\t\t\t\t<div class=\"elementor-element elementor-element-883303f e-flex e-con-boxed e-con e-parent\" data-id=\"883303f\" data-element_type=\"container\" data-e-type=\"container\" data-settings=\"{&quot;background_background&quot;:&quot;classic&quot;}\">\n\t\t\t\t\t<div class=\"e-con-inner\">\n\t\t\t\t<div class=\"elementor-element elementor-element-8895429 elementor-widget elementor-widget-heading\" data-id=\"8895429\" data-element_type=\"widget\" data-e-type=\"widget\" data-widget_type=\"heading.default\">\n\t\t\t\t<div class=\"elementor-widget-container\">\n\t\t\t\t\t<h2 class=\"elementor-heading-title elementor-size-default\">Terms of use<\/h2>\t\t\t\t<\/div>\n\t\t\t\t<\/div>\n\t\t\t\t\t<\/div>\n\t\t\t\t<\/div>\n\t\t<div class=\"elementor-element elementor-element-fc3dbbf e-flex e-con-boxed e-con e-parent\" data-id=\"fc3dbbf\" data-element_type=\"container\" data-e-type=\"container\">\n\t\t\t\t\t<div class=\"e-con-inner\">\n\t\t<div class=\"elementor-element elementor-element-f6a331a e-con-full e-flex e-con e-child\" data-id=\"f6a331a\" data-element_type=\"container\" data-e-type=\"container\">\n\t\t\t\t<div class=\"elementor-element elementor-element-b926bf0 elementor-widget elementor-widget-text-editor\" data-id=\"b926bf0\" data-element_type=\"widget\" data-e-type=\"widget\" data-widget_type=\"text-editor.default\">\n\t\t\t\t<div class=\"elementor-widget-container\">\n\t\t\t\t\t\t\t\t\t<p>Thank you for visiting our website www.lesfondusdelaraclette.fr.<\/p><p>Pursuant to Article 6 of French Law 2004-575 of June 21, 2004 on confidence in the digital economy, you will find below information on the identity of the various parties involved in the creation and monitoring of our site, as well as our policy on the processing of personal data, which we invite you to read carefully.<\/p><p>By visiting our site, you accept the various disclaimers below.<\/p>\t\t\t\t\t\t\t\t<\/div>\n\t\t\t\t<\/div>\n\t\t<div class=\"elementor-element elementor-element-b91946f e-flex e-con-boxed e-con e-child\" data-id=\"b91946f\" data-element_type=\"container\" data-e-type=\"container\">\n\t\t\t\t\t<div class=\"e-con-inner\">\n\t\t\t\t<div class=\"elementor-element elementor-element-9cacb2e elementor-widget elementor-widget-heading\" data-id=\"9cacb2e\" data-element_type=\"widget\" data-e-type=\"widget\" data-widget_type=\"heading.default\">\n\t\t\t\t<div class=\"elementor-widget-container\">\n\t\t\t\t\t<h2 class=\"elementor-heading-title elementor-size-default\">\n1. GENERAL INFORMATION\n<\/h2>\t\t\t\t<\/div>\n\t\t\t\t<\/div>\n\t\t\t\t<div class=\"elementor-element elementor-element-93cb023 elementor-widget elementor-widget-text-editor\" data-id=\"93cb023\" data-element_type=\"widget\" data-e-type=\"widget\" data-widget_type=\"text-editor.default\">\n\t\t\t\t<div class=\"elementor-widget-container\">\n\t\t\t\t\t\t\t\t\t<ul><li>Site publisher: FDR Holding SAS n\u00b0 SIREN 828227546 - Paris, France<\/li><li>Head office: 107, avenue Parmentier 75011 Paris<\/li><li>Cr\u00e9ateur du site : Alexis Ucla `| alexucla810@gmail.com<\/li><li>Hosting: OVH - 2 rue Kellermann - 59100 Roubaix - France.<\/li><li>Intellectual property: FDR Holding SAS<\/li><\/ul>\t\t\t\t\t\t\t\t<\/div>\n\t\t\t\t<\/div>\n\t\t\t\t\t<\/div>\n\t\t\t\t<\/div>\n\t\t<div class=\"elementor-element elementor-element-0fb2343 e-flex e-con-boxed e-con e-child\" data-id=\"0fb2343\" data-element_type=\"container\" data-e-type=\"container\">\n\t\t\t\t\t<div class=\"e-con-inner\">\n\t\t\t\t<div class=\"elementor-element elementor-element-6d6ca3d elementor-widget elementor-widget-heading\" data-id=\"6d6ca3d\" data-element_type=\"widget\" data-e-type=\"widget\" data-widget_type=\"heading.default\">\n\t\t\t\t<div class=\"elementor-widget-container\">\n\t\t\t\t\t<h2 class=\"elementor-heading-title elementor-size-default\">\n2. GENERAL CONDITIONS OF USE OF THE SITE AND THE SERVICES OFFERED<\/h2>\t\t\t\t<\/div>\n\t\t\t\t<\/div>\n\t\t\t\t<div class=\"elementor-element elementor-element-a86ccf9 elementor-widget-mobile__width-inherit elementor-widget elementor-widget-text-editor\" data-id=\"a86ccf9\" data-element_type=\"widget\" data-e-type=\"widget\" data-widget_type=\"text-editor.default\">\n\t\t\t\t<div class=\"elementor-widget-container\">\n\t\t\t\t\t\t\t\t\t<p>Use of the www.lesfondusdelaraclette.fr website implies full acceptance of the general conditions of use described below. These conditions of use may be modified or supplemented at any time, and users of the www.breakfastinamerica.sont site are therefore advised to consult them regularly. This site is normally accessible to users at all times. www.breakfastinamerica.fr may decide to interrupt the site for technical maintenance, in which case it will endeavour to inform users of the dates and times of the intervention in advance. The www.lesfondusdelaraclette.fr website is regularly updated by FDR Holding SAS. Similarly, the legal notices may be modified at any time: they are nevertheless binding on the user, who is invited to refer to them as often as possible in order to review them.<\/p>\t\t\t\t\t\t\t\t<\/div>\n\t\t\t\t<\/div>\n\t\t\t\t\t<\/div>\n\t\t\t\t<\/div>\n\t\t<div class=\"elementor-element elementor-element-859c582 e-flex e-con-boxed e-con e-child\" data-id=\"859c582\" data-element_type=\"container\" data-e-type=\"container\">\n\t\t\t\t\t<div class=\"e-con-inner\">\n\t\t\t\t<div class=\"elementor-element elementor-element-3acdf90 elementor-widget elementor-widget-heading\" data-id=\"3acdf90\" data-element_type=\"widget\" data-e-type=\"widget\" data-widget_type=\"heading.default\">\n\t\t\t\t<div class=\"elementor-widget-container\">\n\t\t\t\t\t<h2 class=\"elementor-heading-title elementor-size-default\">\n3. DESCRIPTION OF SERVICES PROVIDED<\/h2>\t\t\t\t<\/div>\n\t\t\t\t<\/div>\n\t\t\t\t<div class=\"elementor-element elementor-element-2f5cc12 elementor-widget elementor-widget-text-editor\" data-id=\"2f5cc12\" data-element_type=\"widget\" data-e-type=\"widget\" data-widget_type=\"text-editor.default\">\n\t\t\t\t<div class=\"elementor-widget-container\">\n\t\t\t\t\t\t\t\t\t<p>The purpose of the www.lesfondusdelaraclette.fr website is to provide information concerning the entire Breakfast in America restaurant business. FDR Holding endeavors to provide information on the www.lesfondusdelaraclette.fr website that is as accurate as possible. However, FDR Holding cannot be held responsible for any omissions, inaccuracies or failure to update information, whether caused by FDR Holding or third-party partners supplying such information. All information provided on the www.lesfondusdelaraclette.fr website is given for guidance only, and is subject to change. Furthermore, the information provided on the www.lesfondusdelaraclette.fr website is not exhaustive. It is subject to modifications having been made since it was put online.<\/p>\t\t\t\t\t\t\t\t<\/div>\n\t\t\t\t<\/div>\n\t\t\t\t\t<\/div>\n\t\t\t\t<\/div>\n\t\t<div class=\"elementor-element elementor-element-30901e3 e-flex e-con-boxed e-con e-child\" data-id=\"30901e3\" data-element_type=\"container\" data-e-type=\"container\">\n\t\t\t\t\t<div class=\"e-con-inner\">\n\t\t\t\t<div class=\"elementor-element elementor-element-9741154 elementor-widget elementor-widget-heading\" data-id=\"9741154\" data-element_type=\"widget\" data-e-type=\"widget\" data-widget_type=\"heading.default\">\n\t\t\t\t<div class=\"elementor-widget-container\">\n\t\t\t\t\t<h2 class=\"elementor-heading-title elementor-size-default\">\n4. CONTRACTUAL LIMITATIONS ON TECHNICAL DATA<\/h2>\t\t\t\t<\/div>\n\t\t\t\t<\/div>\n\t\t\t\t<div class=\"elementor-element elementor-element-8b38f05 elementor-widget elementor-widget-text-editor\" data-id=\"8b38f05\" data-element_type=\"widget\" data-e-type=\"widget\" data-widget_type=\"text-editor.default\">\n\t\t\t\t<div class=\"elementor-widget-container\">\n\t\t\t\t\t\t\t\t\t<p>The website cannot be held responsible for any material damage resulting from use of the site. In addition, the user of the site undertakes to access the site using recent, virus-free equipment and with an up-to-date, latest-generation browser.<\/p>\t\t\t\t\t\t\t\t<\/div>\n\t\t\t\t<\/div>\n\t\t\t\t\t<\/div>\n\t\t\t\t<\/div>\n\t\t<div class=\"elementor-element elementor-element-3f646f7 e-flex e-con-boxed e-con e-child\" data-id=\"3f646f7\" data-element_type=\"container\" data-e-type=\"container\">\n\t\t\t\t\t<div class=\"e-con-inner\">\n\t\t\t\t<div class=\"elementor-element elementor-element-8efab42 elementor-widget elementor-widget-heading\" data-id=\"8efab42\" data-element_type=\"widget\" data-e-type=\"widget\" data-widget_type=\"heading.default\">\n\t\t\t\t<div class=\"elementor-widget-container\">\n\t\t\t\t\t<h2 class=\"elementor-heading-title elementor-size-default\">5. INTELLECTUAL PROPERTY AND COUNTERFEITING<\/h2>\t\t\t\t<\/div>\n\t\t\t\t<\/div>\n\t\t\t\t<div class=\"elementor-element elementor-element-dada1ed elementor-widget elementor-widget-text-editor\" data-id=\"dada1ed\" data-element_type=\"widget\" data-e-type=\"widget\" data-widget_type=\"text-editor.default\">\n\t\t\t\t<div class=\"elementor-widget-container\">\n\t\t\t\t\t\t\t\t\t<p>FDR Holding is the owner of the intellectual property rights or holds the rights of use on all the elements accessible on the site, in particular the texts, images, graphics, logos, icons, sounds, software. Any reproduction, representation, modification, publication, adaptation of all or part of the elements of the site, whatever the means or process used, is forbidden, except with the prior written authorization of FDR Holding. Any unauthorized use of the site or of any of the elements it contains will be considered as constituting an infringement and will be prosecuted in accordance with the provisions of articles L.335-2 et seq. of the French Intellectual Property Code.<\/p>\t\t\t\t\t\t\t\t<\/div>\n\t\t\t\t<\/div>\n\t\t\t\t\t<\/div>\n\t\t\t\t<\/div>\n\t\t<div class=\"elementor-element elementor-element-cb3be09 e-flex e-con-boxed e-con e-child\" data-id=\"cb3be09\" data-element_type=\"container\" data-e-type=\"container\">\n\t\t\t\t\t<div class=\"e-con-inner\">\n\t\t\t\t<div class=\"elementor-element elementor-element-03f38b2 elementor-widget elementor-widget-heading\" data-id=\"03f38b2\" data-element_type=\"widget\" data-e-type=\"widget\" data-widget_type=\"heading.default\">\n\t\t\t\t<div class=\"elementor-widget-container\">\n\t\t\t\t\t<h2 class=\"elementor-heading-title elementor-size-default\">6. LIMITATIONS OF LIABILITY<\/h2>\t\t\t\t<\/div>\n\t\t\t\t<\/div>\n\t\t\t\t<div class=\"elementor-element elementor-element-d793d63 elementor-widget elementor-widget-text-editor\" data-id=\"d793d63\" data-element_type=\"widget\" data-e-type=\"widget\" data-widget_type=\"text-editor.default\">\n\t\t\t\t<div class=\"elementor-widget-container\">\n\t\t\t\t\t\t\t\t\tFDR Holding cannot be held responsible for direct or indirect damage caused to the user's equipment when accessing the site, nor for damage resulting from use of the site contrary to these conditions.\n\nInteractive areas (contact forms, applications, etc.) are available to users. FDR Holding reserves the right to remove, without prior notice, any content that contravenes French legislation, particularly with regard to data protection or illegal content.\t\t\t\t\t\t\t\t<\/div>\n\t\t\t\t<\/div>\n\t\t\t\t\t<\/div>\n\t\t\t\t<\/div>\n\t\t<div class=\"elementor-element elementor-element-689b93c e-flex e-con-boxed e-con e-child\" data-id=\"689b93c\" data-element_type=\"container\" data-e-type=\"container\">\n\t\t\t\t\t<div class=\"e-con-inner\">\n\t\t\t\t<div class=\"elementor-element elementor-element-d5f00ab elementor-widget elementor-widget-heading\" data-id=\"d5f00ab\" data-element_type=\"widget\" data-e-type=\"widget\" data-widget_type=\"heading.default\">\n\t\t\t\t<div class=\"elementor-widget-container\">\n\t\t\t\t\t<h2 class=\"elementor-heading-title elementor-size-default\">7. PERSONAL DATA MANAGEMENT<\/h2>\t\t\t\t<\/div>\n\t\t\t\t<\/div>\n\t\t\t\t<div class=\"elementor-element elementor-element-7d2c318 elementor-widget elementor-widget-text-editor\" data-id=\"7d2c318\" data-element_type=\"widget\" data-e-type=\"widget\" data-widget_type=\"text-editor.default\">\n\t\t\t\t<div class=\"elementor-widget-container\">\n\t\t\t\t\t\t\t\t\t<p><em>7.1 Personal data management.<\/em><\/p><p>As the party responsible for processing the data it collects, www.lesfondusdelaraclette.fr undertakes to comply with the legal provisions in force. In particular, it is its responsibility to establish the purposes of its data processing, to provide its prospects and customers with full information on the processing of their personal data from the time their consent is collected, and to maintain a register of processing that is accurate. Whenever www.lesfondusdelaraclette.fr processes Personal Data, www.lesfondusdelaraclette.fr takes all reasonable steps to ensure that the Personal Data is accurate and relevant to the purposes for which www.lesfondusdelaraclette.fr processes it.<\/p><p><em>7.2 Purpose of data collected.<\/em><\/p><p>www.lesfondusdelaraclette.fr may process some or all of the following data:<\/p><ul><li>to enable navigation on the Site and the management and traceability of services ordered by the user: Site connection and usage data, invoicing, order history, etc.<\/li><li>to prevent and combat computer fraud (spamming, hacking, etc.): hardware used for browsing, IP address, password (hashed), etc.<\/li><li>to improve browsing on the Site: connection and usage data<\/li><li>to conduct optional satisfaction surveys on www.lesfondusdelaraclette.fr email address<\/li><li>for communication campaigns (sms, e-mail): telephone number, e-mail address<\/li><\/ul><div>\u00a0<\/div><p>www.lesfondusdelaraclette.fr does not sell your personal data, which is only used for statistical and analysis purposes.<\/p>\t\t\t\t\t\t\t\t<\/div>\n\t\t\t\t<\/div>\n\t\t\t\t\t<\/div>\n\t\t\t\t<\/div>\n\t\t<div class=\"elementor-element elementor-element-c85d691 e-flex e-con-boxed e-con e-child\" data-id=\"c85d691\" data-element_type=\"container\" data-e-type=\"container\">\n\t\t\t\t\t<div class=\"e-con-inner\">\n\t\t\t\t<div class=\"elementor-element elementor-element-1527c52 elementor-widget elementor-widget-heading\" data-id=\"1527c52\" data-element_type=\"widget\" data-e-type=\"widget\" data-widget_type=\"heading.default\">\n\t\t\t\t<div class=\"elementor-widget-container\">\n\t\t\t\t\t<h2 class=\"elementor-heading-title elementor-size-default\">8. HYPERTEXT LINKS AND COOKIES<\/h2>\t\t\t\t<\/div>\n\t\t\t\t<\/div>\n\t\t\t\t<div class=\"elementor-element elementor-element-5fe11f0 elementor-widget elementor-widget-text-editor\" data-id=\"5fe11f0\" data-element_type=\"widget\" data-e-type=\"widget\" data-widget_type=\"text-editor.default\">\n\t\t\t\t<div class=\"elementor-widget-container\">\n\t\t\t\t\t\t\t\t\t<p>The site may contain links to other websites. FDR Holding has no control over their content and declines all responsibility for the information they contain.<\/p><p>Browsing the site may cause the installation of\u00a0<strong>cookies<\/strong>\u00a0on the user's terminal.<br \/>These cookies are used to measure site traffic and improve the user experience.<\/p><p>The user can configure his browser to refuse cookies in the following way:<\/p><ul><li><p><strong>Chrome \/ Edge \/ Firefox \/ Safari<\/strong>\u00a0: via your browser's privacy settings.<\/p><\/li><\/ul><p>To find out more about cookie management, visit our\u00a0<strong>privacy policy<\/strong>.<\/p>\t\t\t\t\t\t\t\t<\/div>\n\t\t\t\t<\/div>\n\t\t\t\t\t<\/div>\n\t\t\t\t<\/div>\n\t\t<div class=\"elementor-element elementor-element-002e5aa e-flex e-con-boxed e-con e-child\" data-id=\"002e5aa\" data-element_type=\"container\" data-e-type=\"container\">\n\t\t\t\t\t<div class=\"e-con-inner\">\n\t\t\t\t<div class=\"elementor-element elementor-element-61c2208 elementor-widget elementor-widget-heading\" data-id=\"61c2208\" data-element_type=\"widget\" data-e-type=\"widget\" data-widget_type=\"heading.default\">\n\t\t\t\t<div class=\"elementor-widget-container\">\n\t\t\t\t\t<h2 class=\"elementor-heading-title elementor-size-default\">9. APPLICABLE LAW AND JURISDICTION<\/h2>\t\t\t\t<\/div>\n\t\t\t\t<\/div>\n\t\t\t\t<div class=\"elementor-element elementor-element-0f47b6d elementor-widget elementor-widget-text-editor\" data-id=\"0f47b6d\" data-element_type=\"widget\" data-e-type=\"widget\" data-widget_type=\"text-editor.default\">\n\t\t\t\t<div class=\"elementor-widget-container\">\n\t\t\t\t\t\t\t\t\t<p>Any dispute relating to the use of the www.lesfondusdelaraclette.fr website is subject to French law. Exclusive jurisdiction is granted to the competent courts of Paris.<\/p>\t\t\t\t\t\t\t\t<\/div>\n\t\t\t\t<\/div>\n\t\t\t\t\t<\/div>\n\t\t\t\t<\/div>\n\t\t\t\t<\/div>\n\t\t\t\t\t<\/div>\n\t\t\t\t<\/div>\n\t\t\t\t<\/div>","protected":false},"excerpt":{"rendered":"<p>Legal information Thank you for visiting our website www.lesfondusdelaraclette.fr Pursuant to Article 6 of French Law 2004-575 of June 21, 2004 on confidence in the digital economy, you will find below information on the identity of the various parties involved in the creation and monitoring of our site, as well as our [...].<\/p>","protected":false},"author":1,"featured_media":14572,"parent":0,"menu_order":0,"comment_status":"closed","ping_status":"closed","template":"","meta":{"footnotes":""},"class_list":["post-8397","page","type-page","status-publish","has-post-thumbnail","hentry"],"yoast_head":"<!-- This site is optimized with the Yoast SEO plugin v26.7 - https:\/\/yoast.com\/wordpress\/plugins\/seo\/ -->\n<title>Mentions l\u00e9gales - Les Fondus de la Raclette<\/title>\n<meta name=\"robots\" content=\"noindex, follow\" \/>\n<meta property=\"og:locale\" content=\"en_US\" \/>\n<meta property=\"og:type\" content=\"article\" \/>\n<meta property=\"og:title\" content=\"Mentions l\u00e9gales - Les Fondus de la Raclette\" \/>\n<meta property=\"og:description\" content=\"Mentions l\u00e9gales Nous vous remercions de votre visite sur notre site www.lesfondusdelaraclette.fr En vertu de l&rsquo;article 6 de la loi 2004-575 du 21 juin 2004 pour la confiance dans l&rsquo;\u00e9conomie num\u00e9rique, vous trouverez ci-dessous des informations sur l&rsquo;identit\u00e9 des diff\u00e9rents intervenants impliqu\u00e9s dans la r\u00e9alisation et le suivi de notre site, ainsi que notre politique [&hellip;]\" \/>\n<meta property=\"og:url\" content=\"https:\/\/lesfondusdelaraclette.fr\/en\/mentions-legales\/\" \/>\n<meta property=\"og:site_name\" content=\"Les Fondus de la Raclette\" \/>\n<meta property=\"article:modified_time\" content=\"2025-10-15T15:21:10+00:00\" \/>\n<meta property=\"og:image\" content=\"https:\/\/lesfondusdelaraclette.fr\/wp-content\/uploads\/2025\/10\/cropped-FDR_ICON_BLANC_RVB.png\" \/>\n\t<meta property=\"og:image:width\" content=\"512\" \/>\n\t<meta property=\"og:image:height\" content=\"512\" \/>\n\t<meta property=\"og:image:type\" content=\"image\/png\" \/>\n<meta name=\"twitter:card\" content=\"summary_large_image\" \/>\n<meta name=\"twitter:label1\" content=\"Est. reading time\" \/>\n\t<meta name=\"twitter:data1\" content=\"6 minutes\" \/>\n<script type=\"application\/ld+json\" class=\"yoast-schema-graph\">{\"@context\":\"https:\/\/schema.org\",\"@graph\":[{\"@type\":\"WebPage\",\"@id\":\"https:\/\/lesfondusdelaraclette.fr\/mentions-legales\",\"url\":\"https:\/\/lesfondusdelaraclette.fr\/mentions-legales\",\"name\":\"Mentions l\u00e9gales - Les Fondus de la Raclette\",\"isPartOf\":{\"@id\":\"https:\/\/lesfondusdelaraclette.fr\/#website\"},\"primaryImageOfPage\":{\"@id\":\"https:\/\/lesfondusdelaraclette.fr\/mentions-legales#primaryimage\"},\"image\":{\"@id\":\"https:\/\/lesfondusdelaraclette.fr\/mentions-legales#primaryimage\"},\"thumbnailUrl\":\"https:\/\/lesfondusdelaraclette.fr\/wp-content\/uploads\/2025\/10\/cropped-FDR_ICON_BLANC_RVB.png\",\"datePublished\":\"2023-07-26T12:24:22+00:00\",\"dateModified\":\"2025-10-15T15:21:10+00:00\",\"breadcrumb\":{\"@id\":\"https:\/\/lesfondusdelaraclette.fr\/mentions-legales#breadcrumb\"},\"inLanguage\":\"en-US\",\"potentialAction\":[{\"@type\":\"ReadAction\",\"target\":[\"https:\/\/lesfondusdelaraclette.fr\/mentions-legales\"]}]},{\"@type\":\"ImageObject\",\"inLanguage\":\"en-US\",\"@id\":\"https:\/\/lesfondusdelaraclette.fr\/mentions-legales#primaryimage\",\"url\":\"https:\/\/lesfondusdelaraclette.fr\/wp-content\/uploads\/2025\/10\/cropped-FDR_ICON_BLANC_RVB.png\",\"contentUrl\":\"https:\/\/lesfondusdelaraclette.fr\/wp-content\/uploads\/2025\/10\/cropped-FDR_ICON_BLANC_RVB.png\",\"width\":512,\"height\":512},{\"@type\":\"BreadcrumbList\",\"@id\":\"https:\/\/lesfondusdelaraclette.fr\/mentions-legales#breadcrumb\",\"itemListElement\":[{\"@type\":\"ListItem\",\"position\":1,\"name\":\"Accueil\",\"item\":\"https:\/\/lesfondusdelaraclette.fr\/\"},{\"@type\":\"ListItem\",\"position\":2,\"name\":\"Mentions l\u00e9gales\"}]},{\"@type\":\"WebSite\",\"@id\":\"https:\/\/lesfondusdelaraclette.fr\/#website\",\"url\":\"https:\/\/lesfondusdelaraclette.fr\/\",\"name\":\"Les Fondus de la Raclette\",\"description\":\"Les Fondus de la Raclette\",\"publisher\":{\"@id\":\"https:\/\/lesfondusdelaraclette.fr\/#organization\"},\"potentialAction\":[{\"@type\":\"SearchAction\",\"target\":{\"@type\":\"EntryPoint\",\"urlTemplate\":\"https:\/\/lesfondusdelaraclette.fr\/?s={search_term_string}\"},\"query-input\":{\"@type\":\"PropertyValueSpecification\",\"valueRequired\":true,\"valueName\":\"search_term_string\"}}],\"inLanguage\":\"en-US\"},{\"@type\":\"Organization\",\"@id\":\"https:\/\/lesfondusdelaraclette.fr\/#organization\",\"name\":\"Les Fondus de la Raclette\",\"url\":\"https:\/\/lesfondusdelaraclette.fr\/\",\"logo\":{\"@type\":\"ImageObject\",\"inLanguage\":\"en-US\",\"@id\":\"https:\/\/lesfondusdelaraclette.fr\/#\/schema\/logo\/image\/\",\"url\":\"https:\/\/lesfondusdelaraclette.fr\/wp-content\/uploads\/2025\/10\/FDR_LOGO_PRINCIPAL_BLEU_RVB.png\",\"contentUrl\":\"https:\/\/lesfondusdelaraclette.fr\/wp-content\/uploads\/2025\/10\/FDR_LOGO_PRINCIPAL_BLEU_RVB.png\",\"width\":836,\"height\":378,\"caption\":\"Les Fondus de la Raclette\"},\"image\":{\"@id\":\"https:\/\/lesfondusdelaraclette.fr\/#\/schema\/logo\/image\/\"}}]}<\/script>\n<!-- \/ Yoast SEO plugin. -->","yoast_head_json":{"title":"Legal information - Les Fondus de la Raclette","robots":{"index":"noindex","follow":"follow"},"og_locale":"en_US","og_type":"article","og_title":"Mentions l\u00e9gales - Les Fondus de la Raclette","og_description":"Mentions l\u00e9gales Nous vous remercions de votre visite sur notre site www.lesfondusdelaraclette.fr En vertu de l&rsquo;article 6 de la loi 2004-575 du 21 juin 2004 pour la confiance dans l&rsquo;\u00e9conomie num\u00e9rique, vous trouverez ci-dessous des informations sur l&rsquo;identit\u00e9 des diff\u00e9rents intervenants impliqu\u00e9s dans la r\u00e9alisation et le suivi de notre site, ainsi que notre politique [&hellip;]","og_url":"https:\/\/lesfondusdelaraclette.fr\/en\/mentions-legales\/","og_site_name":"Les Fondus de la Raclette","article_modified_time":"2025-10-15T15:21:10+00:00","og_image":[{"width":512,"height":512,"url":"https:\/\/lesfondusdelaraclette.fr\/wp-content\/uploads\/2025\/10\/cropped-FDR_ICON_BLANC_RVB.png","type":"image\/png"}],"twitter_card":"summary_large_image","twitter_misc":{"Est. reading time":"6 minutes"},"schema":{"@context":"https:\/\/schema.org","@graph":[{"@type":"WebPage","@id":"https:\/\/lesfondusdelaraclette.fr\/mentions-legales","url":"https:\/\/lesfondusdelaraclette.fr\/mentions-legales","name":"Legal information - Les Fondus de la Raclette","isPartOf":{"@id":"https:\/\/lesfondusdelaraclette.fr\/#website"},"primaryImageOfPage":{"@id":"https:\/\/lesfondusdelaraclette.fr\/mentions-legales#primaryimage"},"image":{"@id":"https:\/\/lesfondusdelaraclette.fr\/mentions-legales#primaryimage"},"thumbnailUrl":"https:\/\/lesfondusdelaraclette.fr\/wp-content\/uploads\/2025\/10\/cropped-FDR_ICON_BLANC_RVB.png","datePublished":"2023-07-26T12:24:22+00:00","dateModified":"2025-10-15T15:21:10+00:00","breadcrumb":{"@id":"https:\/\/lesfondusdelaraclette.fr\/mentions-legales#breadcrumb"},"inLanguage":"en-US","potentialAction":[{"@type":"ReadAction","target":["https:\/\/lesfondusdelaraclette.fr\/mentions-legales"]}]},{"@type":"ImageObject","inLanguage":"en-US","@id":"https:\/\/lesfondusdelaraclette.fr\/mentions-legales#primaryimage","url":"https:\/\/lesfondusdelaraclette.fr\/wp-content\/uploads\/2025\/10\/cropped-FDR_ICON_BLANC_RVB.png","contentUrl":"https:\/\/lesfondusdelaraclette.fr\/wp-content\/uploads\/2025\/10\/cropped-FDR_ICON_BLANC_RVB.png","width":512,"height":512},{"@type":"BreadcrumbList","@id":"https:\/\/lesfondusdelaraclette.fr\/mentions-legales#breadcrumb","itemListElement":[{"@type":"ListItem","position":1,"name":"Accueil","item":"https:\/\/lesfondusdelaraclette.fr\/"},{"@type":"ListItem","position":2,"name":"Mentions l\u00e9gales"}]},{"@type":"WebSite","@id":"https:\/\/lesfondusdelaraclette.fr\/#website","url":"https:\/\/lesfondusdelaraclette.fr\/","name":"Les Fondus de la Raclette","description":"Les Fondus de la Raclette","publisher":{"@id":"https:\/\/lesfondusdelaraclette.fr\/#organization"},"potentialAction":[{"@type":"SearchAction","target":{"@type":"EntryPoint","urlTemplate":"https:\/\/lesfondusdelaraclette.fr\/?s={search_term_string}"},"query-input":{"@type":"PropertyValueSpecification","valueRequired":true,"valueName":"search_term_string"}}],"inLanguage":"en-US"},{"@type":"Organization","@id":"https:\/\/lesfondusdelaraclette.fr\/#organization","name":"Les Fondus de la Raclette","url":"https:\/\/lesfondusdelaraclette.fr\/","logo":{"@type":"ImageObject","inLanguage":"en-US","@id":"https:\/\/lesfondusdelaraclette.fr\/#\/schema\/logo\/image\/","url":"https:\/\/lesfondusdelaraclette.fr\/wp-content\/uploads\/2025\/10\/FDR_LOGO_PRINCIPAL_BLEU_RVB.png","contentUrl":"https:\/\/lesfondusdelaraclette.fr\/wp-content\/uploads\/2025\/10\/FDR_LOGO_PRINCIPAL_BLEU_RVB.png","width":836,"height":378,"caption":"Les Fondus de la Raclette"},"image":{"@id":"https:\/\/lesfondusdelaraclette.fr\/#\/schema\/logo\/image\/"}}]}},"_links":{"self":[{"href":"https:\/\/lesfondusdelaraclette.fr\/en\/wp-json\/wp\/v2\/pages\/8397","targetHints":{"allow":["GET"]}}],"collection":[{"href":"https:\/\/lesfondusdelaraclette.fr\/en\/wp-json\/wp\/v2\/pages"}],"about":[{"href":"https:\/\/lesfondusdelaraclette.fr\/en\/wp-json\/wp\/v2\/types\/page"}],"author":[{"embeddable":true,"href":"https:\/\/lesfondusdelaraclette.fr\/en\/wp-json\/wp\/v2\/users\/1"}],"replies":[{"embeddable":true,"href":"https:\/\/lesfondusdelaraclette.fr\/en\/wp-json\/wp\/v2\/comments?post=8397"}],"version-history":[{"count":92,"href":"https:\/\/lesfondusdelaraclette.fr\/en\/wp-json\/wp\/v2\/pages\/8397\/revisions"}],"predecessor-version":[{"id":15877,"href":"https:\/\/lesfondusdelaraclette.fr\/en\/wp-json\/wp\/v2\/pages\/8397\/revisions\/15877"}],"wp:featuredmedia":[{"embeddable":true,"href":"https:\/\/lesfondusdelaraclette.fr\/en\/wp-json\/wp\/v2\/media\/14572"}],"wp:attachment":[{"href":"https:\/\/lesfondusdelaraclette.fr\/en\/wp-json\/wp\/v2\/media?parent=8397"}],"curies":[{"name":"wp","href":"https:\/\/api.w.org\/{rel}","templated":true}]}}