{"id":2,"date":"2023-04-05T14:25:27","date_gmt":"2023-04-05T14:25:27","guid":{"rendered":"https:\/\/lesfondusdelaraclette.fr\/?page_id=2"},"modified":"2023-04-05T14:25:27","modified_gmt":"2023-04-05T14:25:27","slug":"sample-page","status":"publish","type":"page","link":"https:\/\/lesfondusdelaraclette.fr\/de\/sample-page","title":{"rendered":"Sample Page"},"content":{"rendered":"<p>Dies ist eine Beispielseite. Sie unterscheidet sich von einem Blogbeitrag, da sie an einer Stelle verbleibt und in Ihrer Seitennavigation (in den meisten Designs) angezeigt wird. Die meisten Menschen beginnen mit einer About-Seite, die sie potenziellen Website-Besuchern vorstellt. Sie k\u00f6nnte etwa so lauten:<\/p>\n\n\n\n<blockquote class=\"wp-block-quote is-layout-flow wp-block-quote-is-layout-flow\"><p>Hi da! I'm a bike messenger by day, aspiring actor by night, and this is my website. I live in Los Angeles, have a great dog named Jack, and I like pi\u00f1a coladas (And gettin\u2019 caught in the rain.).<\/p><\/blockquote>\n\n\n\n<p>...oder etwas \u00c4hnliches:<\/p>\n\n\n\n<blockquote class=\"wp-block-quote is-layout-flow wp-block-quote-is-layout-flow\"><p>Die XYZ Doohickey Company wurde 1971 gegr\u00fcndet und bietet der \u00d6ffentlichkeit seither qualitativ hochwertige Doohickeys an. Das in Gotham City ans\u00e4ssige Unternehmen XYZ besch\u00e4ftigt \u00fcber 2.000 Mitarbeiter und macht alle Arten von tollen Dingen f\u00fcr die Gotham-Gemeinde.<\/p><\/blockquote>\n\n\n\n<p>Als neuer WordPress-Nutzer sollten Sie zu <a href=\"https:\/\/lesfondusdelaraclette.fr\/wp-admin\/\">Ihr Dashboard<\/a> um diese Seite zu l\u00f6schen und neue Seiten f\u00fcr Ihre Inhalte anzulegen. Viel Spa\u00df!<\/p>","protected":false},"excerpt":{"rendered":"<p>This is an example page. It&rsquo;s different from a blog post because it will stay in one place and will show up in your site navigation (in most themes). Most people start with an About page that introduces them to potential site visitors. It might say something like this: Hi there! I&rsquo;m a bike messenger [&hellip;]<\/p>","protected":false},"author":1,"featured_media":0,"parent":0,"menu_order":0,"comment_status":"closed","ping_status":"open","template":"","meta":{"footnotes":""},"class_list":["post-2","page","type-page","status-publish","hentry"],"yoast_head":"<!-- This site is optimized with the Yoast SEO plugin v26.7 - https:\/\/yoast.com\/wordpress\/plugins\/seo\/ -->\n<title>Sample Page - Les Fondus de la Raclette<\/title>\n<meta name=\"robots\" content=\"index, follow, max-snippet:-1, max-image-preview:large, max-video-preview:-1\" \/>\n<link rel=\"canonical\" href=\"https:\/\/lesfondusdelaraclette.fr\/de\/sample-page\/\" \/>\n<meta property=\"og:locale\" content=\"de_DE\" \/>\n<meta property=\"og:type\" content=\"article\" \/>\n<meta property=\"og:title\" content=\"Sample Page - Les Fondus de la Raclette\" \/>\n<meta property=\"og:description\" content=\"This is an example page. It&rsquo;s different from a blog post because it will stay in one place and will show up in your site navigation (in most themes). Most people start with an About page that introduces them to potential site visitors. It might say something like this: Hi there! I&rsquo;m a bike messenger [&hellip;]\" \/>\n<meta property=\"og:url\" content=\"https:\/\/lesfondusdelaraclette.fr\/de\/sample-page\/\" \/>\n<meta property=\"og:site_name\" content=\"Les Fondus de la Raclette\" \/>\n<meta name=\"twitter:card\" content=\"summary_large_image\" \/>\n<meta name=\"twitter:label1\" content=\"Gesch\u00e4tzte Lesezeit\" \/>\n\t<meta name=\"twitter:data1\" content=\"1\u00a0Minute\" \/>\n<script type=\"application\/ld+json\" class=\"yoast-schema-graph\">{\"@context\":\"https:\/\/schema.org\",\"@graph\":[{\"@type\":\"WebPage\",\"@id\":\"https:\/\/lesfondusdelaraclette.fr\/sample-page\",\"url\":\"https:\/\/lesfondusdelaraclette.fr\/sample-page\",\"name\":\"Sample Page - Les Fondus de la Raclette\",\"isPartOf\":{\"@id\":\"https:\/\/lesfondusdelaraclette.fr\/#website\"},\"datePublished\":\"2023-04-05T14:25:27+00:00\",\"breadcrumb\":{\"@id\":\"https:\/\/lesfondusdelaraclette.fr\/sample-page#breadcrumb\"},\"inLanguage\":\"de\",\"potentialAction\":[{\"@type\":\"ReadAction\",\"target\":[\"https:\/\/lesfondusdelaraclette.fr\/sample-page\"]}]},{\"@type\":\"BreadcrumbList\",\"@id\":\"https:\/\/lesfondusdelaraclette.fr\/sample-page#breadcrumb\",\"itemListElement\":[{\"@type\":\"ListItem\",\"position\":1,\"name\":\"Accueil\",\"item\":\"https:\/\/lesfondusdelaraclette.fr\/\"},{\"@type\":\"ListItem\",\"position\":2,\"name\":\"Sample Page\"}]},{\"@type\":\"WebSite\",\"@id\":\"https:\/\/lesfondusdelaraclette.fr\/#website\",\"url\":\"https:\/\/lesfondusdelaraclette.fr\/\",\"name\":\"Les Fondus de la Raclette\",\"description\":\"Les Fondus de la Raclette\",\"publisher\":{\"@id\":\"https:\/\/lesfondusdelaraclette.fr\/#organization\"},\"potentialAction\":[{\"@type\":\"SearchAction\",\"target\":{\"@type\":\"EntryPoint\",\"urlTemplate\":\"https:\/\/lesfondusdelaraclette.fr\/?s={search_term_string}\"},\"query-input\":{\"@type\":\"PropertyValueSpecification\",\"valueRequired\":true,\"valueName\":\"search_term_string\"}}],\"inLanguage\":\"de\"},{\"@type\":\"Organization\",\"@id\":\"https:\/\/lesfondusdelaraclette.fr\/#organization\",\"name\":\"Les Fondus de la Raclette\",\"url\":\"https:\/\/lesfondusdelaraclette.fr\/\",\"logo\":{\"@type\":\"ImageObject\",\"inLanguage\":\"de\",\"@id\":\"https:\/\/lesfondusdelaraclette.fr\/#\/schema\/logo\/image\/\",\"url\":\"https:\/\/lesfondusdelaraclette.fr\/wp-content\/uploads\/2025\/10\/FDR_LOGO_PRINCIPAL_BLEU_RVB.png\",\"contentUrl\":\"https:\/\/lesfondusdelaraclette.fr\/wp-content\/uploads\/2025\/10\/FDR_LOGO_PRINCIPAL_BLEU_RVB.png\",\"width\":836,\"height\":378,\"caption\":\"Les Fondus de la Raclette\"},\"image\":{\"@id\":\"https:\/\/lesfondusdelaraclette.fr\/#\/schema\/logo\/image\/\"}}]}<\/script>\n<!-- \/ Yoast SEO plugin. -->","yoast_head_json":{"title":"Sample Page - Les Fondus de la Raclette","robots":{"index":"index","follow":"follow","max-snippet":"max-snippet:-1","max-image-preview":"max-image-preview:large","max-video-preview":"max-video-preview:-1"},"canonical":"https:\/\/lesfondusdelaraclette.fr\/de\/sample-page\/","og_locale":"de_DE","og_type":"article","og_title":"Sample Page - Les Fondus de la Raclette","og_description":"This is an example page. It&rsquo;s different from a blog post because it will stay in one place and will show up in your site navigation (in most themes). Most people start with an About page that introduces them to potential site visitors. It might say something like this: Hi there! I&rsquo;m a bike messenger [&hellip;]","og_url":"https:\/\/lesfondusdelaraclette.fr\/de\/sample-page\/","og_site_name":"Les Fondus de la Raclette","twitter_card":"summary_large_image","twitter_misc":{"Gesch\u00e4tzte Lesezeit":"1\u00a0Minute"},"schema":{"@context":"https:\/\/schema.org","@graph":[{"@type":"WebPage","@id":"https:\/\/lesfondusdelaraclette.fr\/sample-page","url":"https:\/\/lesfondusdelaraclette.fr\/sample-page","name":"Sample Page - Les Fondus de la Raclette","isPartOf":{"@id":"https:\/\/lesfondusdelaraclette.fr\/#website"},"datePublished":"2023-04-05T14:25:27+00:00","breadcrumb":{"@id":"https:\/\/lesfondusdelaraclette.fr\/sample-page#breadcrumb"},"inLanguage":"de","potentialAction":[{"@type":"ReadAction","target":["https:\/\/lesfondusdelaraclette.fr\/sample-page"]}]},{"@type":"BreadcrumbList","@id":"https:\/\/lesfondusdelaraclette.fr\/sample-page#breadcrumb","itemListElement":[{"@type":"ListItem","position":1,"name":"Accueil","item":"https:\/\/lesfondusdelaraclette.fr\/"},{"@type":"ListItem","position":2,"name":"Sample Page"}]},{"@type":"WebSite","@id":"https:\/\/lesfondusdelaraclette.fr\/#website","url":"https:\/\/lesfondusdelaraclette.fr\/","name":"Les Fondus de la Raclette","description":"Les Fondus de la Raclette","publisher":{"@id":"https:\/\/lesfondusdelaraclette.fr\/#organization"},"potentialAction":[{"@type":"SearchAction","target":{"@type":"EntryPoint","urlTemplate":"https:\/\/lesfondusdelaraclette.fr\/?s={search_term_string}"},"query-input":{"@type":"PropertyValueSpecification","valueRequired":true,"valueName":"search_term_string"}}],"inLanguage":"de"},{"@type":"Organization","@id":"https:\/\/lesfondusdelaraclette.fr\/#organization","name":"Les Fondus de la Raclette","url":"https:\/\/lesfondusdelaraclette.fr\/","logo":{"@type":"ImageObject","inLanguage":"de","@id":"https:\/\/lesfondusdelaraclette.fr\/#\/schema\/logo\/image\/","url":"https:\/\/lesfondusdelaraclette.fr\/wp-content\/uploads\/2025\/10\/FDR_LOGO_PRINCIPAL_BLEU_RVB.png","contentUrl":"https:\/\/lesfondusdelaraclette.fr\/wp-content\/uploads\/2025\/10\/FDR_LOGO_PRINCIPAL_BLEU_RVB.png","width":836,"height":378,"caption":"Les Fondus de la Raclette"},"image":{"@id":"https:\/\/lesfondusdelaraclette.fr\/#\/schema\/logo\/image\/"}}]}},"_links":{"self":[{"href":"https:\/\/lesfondusdelaraclette.fr\/de\/wp-json\/wp\/v2\/pages\/2","targetHints":{"allow":["GET"]}}],"collection":[{"href":"https:\/\/lesfondusdelaraclette.fr\/de\/wp-json\/wp\/v2\/pages"}],"about":[{"href":"https:\/\/lesfondusdelaraclette.fr\/de\/wp-json\/wp\/v2\/types\/page"}],"author":[{"embeddable":true,"href":"https:\/\/lesfondusdelaraclette.fr\/de\/wp-json\/wp\/v2\/users\/1"}],"replies":[{"embeddable":true,"href":"https:\/\/lesfondusdelaraclette.fr\/de\/wp-json\/wp\/v2\/comments?post=2"}],"version-history":[{"count":0,"href":"https:\/\/lesfondusdelaraclette.fr\/de\/wp-json\/wp\/v2\/pages\/2\/revisions"}],"wp:attachment":[{"href":"https:\/\/lesfondusdelaraclette.fr\/de\/wp-json\/wp\/v2\/media?parent=2"}],"curies":[{"name":"wp","href":"https:\/\/api.w.org\/{rel}","templated":true}]}}